{"id":179,"date":"2025-11-10T20:19:27","date_gmt":"2025-11-10T20:19:27","guid":{"rendered":"https:\/\/baviex.com\/?page_id=179"},"modified":"2025-11-10T20:19:59","modified_gmt":"2025-11-10T20:19:59","slug":"impressum","status":"publish","type":"page","link":"https:\/\/baviex.com\/index.php\/impressum\/","title":{"rendered":"Impressum"},"content":{"rendered":"\n<p><\/p>\n\n\n\n<p>Angaben gem\u00e4\u00df Art. 3 des Schweizer Bundesgesetzes gegen den unlauteren Wettbewerb (UWG) \/ Unternehmensangaben f\u00fcr gesch\u00e4ftsm\u00e4\u00dfige Online-Dienste:<\/p>\n\n\n\n<p><strong>Firma:<\/strong> Bavaria-Alu-Swiss AG<br><strong>Marke:<\/strong> Baviex<br><strong>Adresse:<\/strong> Flughofstrasse 49, 8153 R\u00fcmlang, Schweiz (Sitz) <br><strong>Telefon:<\/strong> 079 624 40 38<br><strong>E-Mail:<\/strong> info@baviex.com<br><strong>Website:<\/strong> <a>www.baviex.com<\/a><\/p>\n\n\n\n<p><strong>Handelsregister-Eintrag:<\/strong> Kanton Z\u00fcrich, Handelsregisternummer CH-440.3.019.485-3; UID CHE-113.188.988. <br><strong>Rechtsform:<\/strong> Aktiengesellschaft (AG) <br><strong>Vertretungsberechtigt:<\/strong> Patrick M\u00fcller \/ C\u00e9dric M\u00fcller<br><strong>Umsatzsteuer-Identifikationsnummer (UID):<\/strong> CHE-113.188.988 <\/p>\n\n\n\n<p><strong>Haftungsausschluss:<\/strong><br>Trotz sorgf\u00e4ltiger inhaltlicher Kontrolle \u00fcbernehmen wir keine Haftung f\u00fcr die Inhalte externer Links. F\u00fcr den Inhalt der verlinkten Seiten sind ausschlie\u00dflich deren Betreiber verantwortlich.<\/p>\n\n\n\n<p><strong>Urheberrecht:<\/strong><br>Die durch die Seitenbetreiber erstellten Inhalte und Werke auf dieser Website unterliegen dem Schweizer sowie internationalen Urheberrecht. Beitr\u00e4ge Dritter sind als solche gekennzeichnet. Die Vervielf\u00e4ltigung, Bearbeitung, Verbreitung und jede Art der Verwertung ausserhalb der Grenzen des Urheberrechtes bed\u00fcrfen der schriftlichen Zustimmung des jeweiligen Autors bzw. Erstellers.<\/p>\n","protected":false},"excerpt":{"rendered":"<p>Angaben gem\u00e4\u00df Art. 3 des Schweizer Bundesgesetzes gegen den unlauteren Wettbewerb (UWG) \/ Unternehmensangaben f\u00fcr gesch\u00e4ftsm\u00e4\u00dfige Online-Dienste: Firma: Bavaria-Alu-Swiss AGMarke: BaviexAdresse: Flughofstrasse 49, 8153 R\u00fcmlang, Schweiz (Sitz) Telefon: 079 624 40 38E-Mail: info@baviex.comWebsite: www.baviex.com Handelsregister-Eintrag: Kanton Z\u00fcrich, Handelsregisternummer CH-440.3.019.485-3; UID CHE-113.188.988. Rechtsform: Aktiengesellschaft (AG) Vertretungsberechtigt: Patrick M\u00fcller \/ C\u00e9dric M\u00fcllerUmsatzsteuer-Identifikationsnummer (UID): CHE-113.188.988 Haftungsausschluss:Trotz sorgf\u00e4ltiger inhaltlicher&#8230;<\/p>\n","protected":false},"author":1,"featured_media":0,"parent":0,"menu_order":0,"comment_status":"closed","ping_status":"closed","template":"","meta":{"_kad_post_transparent":"","_kad_post_title":"","_kad_post_layout":"","_kad_post_sidebar_id":"","_kad_post_content_style":"","_kad_post_vertical_padding":"","_kad_post_feature":"","_kad_post_feature_position":"","_kad_post_header":false,"_kad_post_footer":false,"_kad_post_classname":"","footnotes":""},"class_list":["post-179","page","type-page","status-publish","hentry"],"_links":{"self":[{"href":"https:\/\/baviex.com\/index.php\/wp-json\/wp\/v2\/pages\/179","targetHints":{"allow":["GET"]}}],"collection":[{"href":"https:\/\/baviex.com\/index.php\/wp-json\/wp\/v2\/pages"}],"about":[{"href":"https:\/\/baviex.com\/index.php\/wp-json\/wp\/v2\/types\/page"}],"author":[{"embeddable":true,"href":"https:\/\/baviex.com\/index.php\/wp-json\/wp\/v2\/users\/1"}],"replies":[{"embeddable":true,"href":"https:\/\/baviex.com\/index.php\/wp-json\/wp\/v2\/comments?post=179"}],"version-history":[{"count":2,"href":"https:\/\/baviex.com\/index.php\/wp-json\/wp\/v2\/pages\/179\/revisions"}],"predecessor-version":[{"id":181,"href":"https:\/\/baviex.com\/index.php\/wp-json\/wp\/v2\/pages\/179\/revisions\/181"}],"wp:attachment":[{"href":"https:\/\/baviex.com\/index.php\/wp-json\/wp\/v2\/media?parent=179"}],"curies":[{"name":"wp","href":"https:\/\/api.w.org\/{rel}","templated":true}]}}